{"id":306,"date":"2025-12-31T19:52:08","date_gmt":"2025-12-31T19:52:08","guid":{"rendered":"https:\/\/clapbam.com\/?page_id=306"},"modified":"2025-12-31T19:52:09","modified_gmt":"2025-12-31T19:52:09","slug":"mentions-legales","status":"publish","type":"page","link":"https:\/\/clapbam.com\/index.php\/mentions-legales\/","title":{"rendered":"Mentions l\u00e9gales"},"content":{"rendered":"\n<h1 class=\"wp-block-heading\"><\/h1>\n\n\n\n<p>Conform\u00e9ment aux dispositions des lois en vigueur, les pr\u00e9sentes mentions l\u00e9gales ont pour objet de d\u00e9finir les modalit\u00e9s d\u2019acc\u00e8s et d\u2019utilisation du site clapbam.com de senegalorganiz<\/p>\n\n\n\n<hr class=\"wp-block-separator has-alpha-channel-opacity\"\/>\n\n\n\n<h2 class=\"wp-block-heading\">1. \u00c9diteur du site<\/h2>\n\n\n\n<ul class=\"wp-block-list\">\n<li><strong>Nom du site<\/strong> : Senegalorganiz<\/li>\n\n\n\n<li><strong>Activit\u00e9<\/strong> : Boutique en ligne \u2013 vente d\u2019outils utiles pour le quotidien (produits neufs et d\u2019occasion)<\/li>\n\n\n\n<li><strong>Responsable de la publication<\/strong> : <em><em>Sacom&rsquo;l SASU<\/em><\/em><\/li>\n\n\n\n<li><strong>Statut juridique<\/strong> : <em>Sacom&rsquo;l SASU<\/em><\/li>\n\n\n\n<li><strong>Adresse<\/strong> : <em>Maristes<\/em><\/li>\n\n\n\n<li><strong>T\u00e9l\u00e9phone<\/strong> : +221 70 582 21 65<\/li>\n\n\n\n<li><strong>Adresse e-mail<\/strong> : <em>customers@clapbam.com<\/em><\/li>\n<\/ul>\n\n\n\n<hr class=\"wp-block-separator has-alpha-channel-opacity\"\/>\n\n\n\n<h2 class=\"wp-block-heading\">2. H\u00e9bergement du site<\/h2>\n\n\n\n<ul class=\"wp-block-list\">\n<li><strong>H\u00e9bergeur<\/strong> : <em>OVH<\/em><\/li>\n\n\n\n<li><strong>Adresse de l\u2019h\u00e9bergeur<\/strong> : <em>Fadiga, Dakar<\/em> &#8211; S\u00e9n\u00e9gal<\/li>\n\n\n\n<li><strong>Site web<\/strong> :<a href=\"https:\/\/www.ovh.sn\/\"> https:\/\/www.ovh.sn\/<\/a><\/li>\n<\/ul>\n\n\n\n<hr class=\"wp-block-separator has-alpha-channel-opacity\"\/>\n\n\n\n<h2 class=\"wp-block-heading\">3. Acc\u00e8s au site<\/h2>\n\n\n\n<p>Le site <strong>senegalorganiz<\/strong> est accessible 24h\/24 et 7j\/7, sauf en cas de force majeure, d\u2019interruption programm\u00e9e ou non, pouvant r\u00e9sulter d\u2019une n\u00e9cessit\u00e9 de maintenance.<\/p>\n\n\n\n<p>L\u2019\u00e9diteur ne saurait \u00eatre tenu responsable de toute interruption ou dysfonctionnement du site.<\/p>\n\n\n\n<hr class=\"wp-block-separator has-alpha-channel-opacity\"\/>\n\n\n\n<h2 class=\"wp-block-heading\">4. Propri\u00e9t\u00e9 intellectuelle<\/h2>\n\n\n\n<p>L\u2019ensemble des \u00e9l\u00e9ments pr\u00e9sents sur le site <strong>senegalorganiz<\/strong> (textes, images, logos, graphismes, ic\u00f4nes, vid\u00e9os, structure du site, etc.) est prot\u00e9g\u00e9 par les lois relatives \u00e0 la propri\u00e9t\u00e9 intellectuelle.<\/p>\n\n\n\n<p>Toute reproduction, repr\u00e9sentation, modification, publication ou adaptation, totale ou partielle, des \u00e9l\u00e9ments du site, quel que soit le moyen ou le proc\u00e9d\u00e9 utilis\u00e9, est interdite sans l\u2019autorisation \u00e9crite pr\u00e9alable de l\u2019\u00e9diteur.<\/p>\n\n\n\n<hr class=\"wp-block-separator has-alpha-channel-opacity\"\/>\n\n\n\n<h2 class=\"wp-block-heading\">5. Responsabilit\u00e9<\/h2>\n\n\n\n<p>L\u2019\u00e9diteur s\u2019efforce de fournir sur le site <strong>senegalorganiz<\/strong> des informations aussi pr\u00e9cises que possible. Toutefois, il ne pourra \u00eatre tenu responsable des omissions, inexactitudes ou carences dans la mise \u00e0 jour.<\/p>\n\n\n\n<p>L\u2019utilisation du site se fait sous la seule responsabilit\u00e9 de l\u2019utilisateur.<\/p>\n\n\n\n<hr class=\"wp-block-separator has-alpha-channel-opacity\"\/>\n\n\n\n<h2 class=\"wp-block-heading\">6. Donn\u00e9es personnelles<\/h2>\n\n\n\n<p>Les informations personnelles collect\u00e9es sur le site sont trait\u00e9es conform\u00e9ment \u00e0 la r\u00e9glementation en vigueur.<br>Pour plus d\u2019informations sur la collecte et l\u2019utilisation des donn\u00e9es personnelles, l\u2019utilisateur est invit\u00e9 \u00e0 consulter la <strong>Politique de confidentialit\u00e9<\/strong> disponible sur le site.<\/p>\n\n\n\n<hr class=\"wp-block-separator has-alpha-channel-opacity\"\/>\n\n\n\n<h2 class=\"wp-block-heading\">7. Cookies<\/h2>\n\n\n\n<p>Le site <strong>senegalorganiz<\/strong> peut \u00eatre amen\u00e9 \u00e0 utiliser des cookies afin d\u2019am\u00e9liorer l\u2019exp\u00e9rience utilisateur, r\u00e9aliser des statistiques de navigation et proposer des contenus adapt\u00e9s.<\/p>\n\n\n\n<p>L\u2019utilisateur peut \u00e0 tout moment configurer ou refuser les cookies via les param\u00e8tres de son navigateur.<\/p>\n\n\n\n<hr class=\"wp-block-separator has-alpha-channel-opacity\"\/>\n\n\n\n<h2 class=\"wp-block-heading\">8. Droit applicable<\/h2>\n\n\n\n<p>Les pr\u00e9sentes mentions l\u00e9gales sont soumises au droit en vigueur dans le pays d\u2019exploitation du site.<br>En cas de litige, une solution amiable sera recherch\u00e9e avant toute action judiciaire.<\/p>\n\n\n\n<p><\/p>\n","protected":false},"excerpt":{"rendered":"<p>Conform\u00e9ment aux dispositions des lois en vigueur, les pr\u00e9sentes mentions l\u00e9gales ont pour objet de d\u00e9finir les modalit\u00e9s d\u2019acc\u00e8s et d\u2019utilisation du site clapbam.com de senegalorganiz 1. \u00c9diteur du site 2. H\u00e9bergement du site 3. Acc\u00e8s au site Le site senegalorganiz est accessible 24h\/24 et 7j\/7, sauf en cas de force majeure, d\u2019interruption programm\u00e9e ou&hellip;&nbsp;<\/p>\n","protected":false},"author":1,"featured_media":0,"parent":0,"menu_order":0,"comment_status":"closed","ping_status":"closed","template":"","meta":{"neve_meta_sidebar":"","neve_meta_container":"","neve_meta_enable_content_width":"","neve_meta_content_width":0,"neve_meta_title_alignment":"","neve_meta_author_avatar":"","neve_post_elements_order":"","neve_meta_disable_header":"","neve_meta_disable_footer":"","neve_meta_disable_title":"","_themeisle_gutenberg_block_has_review":false,"footnotes":""},"class_list":["post-306","page","type-page","status-publish","hentry"],"jetpack_sharing_enabled":true,"_links":{"self":[{"href":"https:\/\/clapbam.com\/index.php\/wp-json\/wp\/v2\/pages\/306","targetHints":{"allow":["GET"]}}],"collection":[{"href":"https:\/\/clapbam.com\/index.php\/wp-json\/wp\/v2\/pages"}],"about":[{"href":"https:\/\/clapbam.com\/index.php\/wp-json\/wp\/v2\/types\/page"}],"author":[{"embeddable":true,"href":"https:\/\/clapbam.com\/index.php\/wp-json\/wp\/v2\/users\/1"}],"replies":[{"embeddable":true,"href":"https:\/\/clapbam.com\/index.php\/wp-json\/wp\/v2\/comments?post=306"}],"version-history":[{"count":1,"href":"https:\/\/clapbam.com\/index.php\/wp-json\/wp\/v2\/pages\/306\/revisions"}],"predecessor-version":[{"id":307,"href":"https:\/\/clapbam.com\/index.php\/wp-json\/wp\/v2\/pages\/306\/revisions\/307"}],"wp:attachment":[{"href":"https:\/\/clapbam.com\/index.php\/wp-json\/wp\/v2\/media?parent=306"}],"curies":[{"name":"wp","href":"https:\/\/api.w.org\/{rel}","templated":true}]}}