{"id":1023,"date":"2026-04-16T21:22:08","date_gmt":"2026-04-16T21:22:08","guid":{"rendered":"https:\/\/clapbam.com\/?post_type=product&#038;p=1023"},"modified":"2026-04-16T21:41:13","modified_gmt":"2026-04-16T21:41:13","slug":"defroisseur-a-main-rapide","status":"publish","type":"product","link":"https:\/\/clapbam.com\/index.php\/product\/defroisseur-a-main-rapide\/","title":{"rendered":"D\u00e9froisseur \u00e0 main rapide"},"content":{"rendered":"<p>Muni d&rsquo;un r\u00e9servoir d&rsquo;eau de 250 ml ce d\u00e9froisseur permet de repasser vos v\u00eatements sans effort. Il diffuse une vapeur continue \u00e0 haute temp\u00e9rature pour \u00e9liminer les plis les plus tenaces. C&rsquo;est donc un excellent outil de voyage.<br \/>\nFacile \u00e0 utiliser, il suffit d&rsquo;appuyer sur un bouton pour que la vapeur soit envoy\u00e9e. Le r\u00e9servoir est facile \u00e0 nettoyer et \u00e0 remplir. Ce d\u00e9froisseur \u00e0 vapeur convient pour le coton, la laine, le polyester, la peluche, la soie, la fibre, le nylon, le velours et le lin. Afin de repasser \u00e0 la vapeur des v\u00eatements, de la literie, des canap\u00e9s, des rideaux, des jouets, horizontalement ou verticalement.<\/p>\n<div style=\"width: 1080px;\" class=\"wp-video\"><video class=\"wp-video-shortcode\" id=\"video-1023-1\" width=\"1080\" height=\"1350\" preload=\"metadata\" controls=\"controls\"><source type=\"video\/mp4\" src=\"https:\/\/clapbam.com\/wp-content\/uploads\/2026\/04\/InShot_20260416_184713268.mp4?_=1\" \/><a href=\"https:\/\/clapbam.com\/wp-content\/uploads\/2026\/04\/InShot_20260416_184713268.mp4\">https:\/\/clapbam.com\/wp-content\/uploads\/2026\/04\/InShot_20260416_184713268.mp4<\/a><\/video><\/div>\n<p>&nbsp;<\/p>\n<p>&nbsp;<\/p>\n","protected":false},"excerpt":{"rendered":"<p>Muni d&rsquo;un r\u00e9servoir d&rsquo;eau de 250 ml ce d\u00e9froisseur permet de repasser vos v\u00eatements sans effort. Il diffuse une vapeur continue \u00e0 haute temp\u00e9rature pour \u00e9liminer les plis les plus tenaces. C&rsquo;est donc un excellent outil de voyage.<\/p>\n<p>&nbsp;<\/p>\n","protected":false},"featured_media":1026,"template":"","meta":{"neve_meta_sidebar":"","neve_meta_container":"","neve_meta_enable_content_width":"off","neve_meta_content_width":100,"neve_meta_title_alignment":"","neve_meta_author_avatar":"","neve_post_elements_order":"","neve_meta_disable_header":"","neve_meta_disable_footer":"","neve_meta_disable_title":"","_themeisle_gutenberg_block_has_review":false},"product_brand":[],"product_cat":[20],"product_tag":[],"class_list":{"0":"post-1023","1":"product","2":"type-product","3":"status-publish","4":"has-post-thumbnail","6":"product_cat-neuf","8":"first","9":"instock","10":"shipping-taxable","11":"purchasable","12":"product-type-simple"},"jetpack_sharing_enabled":true,"_links":{"self":[{"href":"https:\/\/clapbam.com\/index.php\/wp-json\/wp\/v2\/product\/1023","targetHints":{"allow":["GET"]}}],"collection":[{"href":"https:\/\/clapbam.com\/index.php\/wp-json\/wp\/v2\/product"}],"about":[{"href":"https:\/\/clapbam.com\/index.php\/wp-json\/wp\/v2\/types\/product"}],"wp:featuredmedia":[{"embeddable":true,"href":"https:\/\/clapbam.com\/index.php\/wp-json\/wp\/v2\/media\/1026"}],"wp:attachment":[{"href":"https:\/\/clapbam.com\/index.php\/wp-json\/wp\/v2\/media?parent=1023"}],"wp:term":[{"taxonomy":"product_brand","embeddable":true,"href":"https:\/\/clapbam.com\/index.php\/wp-json\/wp\/v2\/product_brand?post=1023"},{"taxonomy":"product_cat","embeddable":true,"href":"https:\/\/clapbam.com\/index.php\/wp-json\/wp\/v2\/product_cat?post=1023"},{"taxonomy":"product_tag","embeddable":true,"href":"https:\/\/clapbam.com\/index.php\/wp-json\/wp\/v2\/product_tag?post=1023"}],"curies":[{"name":"wp","href":"https:\/\/api.w.org\/{rel}","templated":true}]}}