{"id":1038,"date":"2026-04-16T23:17:55","date_gmt":"2026-04-16T23:17:55","guid":{"rendered":"https:\/\/clapbam.com\/?post_type=product&#038;p=1038"},"modified":"2026-04-16T23:17:55","modified_gmt":"2026-04-16T23:17:55","slug":"aiguiseur-affuteur-couteau","status":"publish","type":"product","link":"https:\/\/clapbam.com\/index.php\/product\/aiguiseur-affuteur-couteau\/","title":{"rendered":"Aiguiseur Affuteur couteau"},"content":{"rendered":"<p>Cet aiguiseur transforme l&rsquo;aff\u00fbtage des couteaux en geste simple. Facile \u00e0 utiliser et rapide la conception d&rsquo;angle unique rend les couverts lus tranchants et plus durables. Notre produit est simple et facile \u00e0 utiliser et ne n\u00e9cessite pas d&rsquo;\u00e9lectricit\u00e9. Fini les achats r\u00e9p\u00e9t\u00e9s de couteaux ou les aller-retour chez l&rsquo;affuteur.<\/p>\n<p><strong>Instructions<\/strong>\u00a0:<br \/>\nPlacez bien ou tenez bien l&rsquo;aff\u00fbteur<\/p>\n<p>Placez le couteau verticalement dans la rainure en V, avec la force appropri\u00e9e pour tirer vers l&rsquo;arri\u00e8re<\/p>\n<p>Pousser vers l&rsquo;avant dans le sens de la fl\u00e8che plusieurs fois jusqu&rsquo;\u00e0 ce que le couteau soit aff\u00fbt\u00e9<\/p>\n<p>&nbsp;<\/p>\n<div style=\"width: 1080px;\" class=\"wp-video\"><video class=\"wp-video-shortcode\" id=\"video-1038-1\" width=\"1080\" height=\"1920\" preload=\"metadata\" controls=\"controls\"><source type=\"video\/mp4\" src=\"https:\/\/clapbam.com\/wp-content\/uploads\/2026\/04\/InShot_20260416_223914393.mp4?_=1\" \/><a href=\"https:\/\/clapbam.com\/wp-content\/uploads\/2026\/04\/InShot_20260416_223914393.mp4\">https:\/\/clapbam.com\/wp-content\/uploads\/2026\/04\/InShot_20260416_223914393.mp4<\/a><\/video><\/div>\n","protected":false},"excerpt":{"rendered":"<p>Cet aiguiseur transforme l&rsquo;aff\u00fbtage des couteaux en geste simple. Facile \u00e0 utiliser et rapide la conception d&rsquo;angle unique rend les couverts lus tranchants et plus durables<\/p>\n","protected":false},"featured_media":1043,"template":"","meta":{"neve_meta_sidebar":"","neve_meta_container":"","neve_meta_enable_content_width":"off","neve_meta_content_width":100,"neve_meta_title_alignment":"","neve_meta_author_avatar":"","neve_post_elements_order":"","neve_meta_disable_header":"","neve_meta_disable_footer":"","neve_meta_disable_title":"","_themeisle_gutenberg_block_has_review":false},"product_brand":[],"product_cat":[20],"product_tag":[],"class_list":{"0":"post-1038","1":"product","2":"type-product","3":"status-publish","4":"has-post-thumbnail","6":"product_cat-neuf","8":"first","9":"instock","10":"shipping-taxable","11":"purchasable","12":"product-type-simple"},"jetpack_sharing_enabled":true,"_links":{"self":[{"href":"https:\/\/clapbam.com\/index.php\/wp-json\/wp\/v2\/product\/1038","targetHints":{"allow":["GET"]}}],"collection":[{"href":"https:\/\/clapbam.com\/index.php\/wp-json\/wp\/v2\/product"}],"about":[{"href":"https:\/\/clapbam.com\/index.php\/wp-json\/wp\/v2\/types\/product"}],"wp:featuredmedia":[{"embeddable":true,"href":"https:\/\/clapbam.com\/index.php\/wp-json\/wp\/v2\/media\/1043"}],"wp:attachment":[{"href":"https:\/\/clapbam.com\/index.php\/wp-json\/wp\/v2\/media?parent=1038"}],"wp:term":[{"taxonomy":"product_brand","embeddable":true,"href":"https:\/\/clapbam.com\/index.php\/wp-json\/wp\/v2\/product_brand?post=1038"},{"taxonomy":"product_cat","embeddable":true,"href":"https:\/\/clapbam.com\/index.php\/wp-json\/wp\/v2\/product_cat?post=1038"},{"taxonomy":"product_tag","embeddable":true,"href":"https:\/\/clapbam.com\/index.php\/wp-json\/wp\/v2\/product_tag?post=1038"}],"curies":[{"name":"wp","href":"https:\/\/api.w.org\/{rel}","templated":true}]}}