{"id":35,"date":"2025-12-19T15:47:13","date_gmt":"2025-12-19T15:47:13","guid":{"rendered":"http:\/\/clapbam.com\/index.php\/product\/product-name-here\/"},"modified":"2026-01-27T00:34:08","modified_gmt":"2026-01-27T00:34:08","slug":"vaporisateurs","status":"publish","type":"product","link":"https:\/\/clapbam.com\/index.php\/product\/vaporisateurs\/","title":{"rendered":"Lot de 2 vaporisateurs de parfum rechargeable"},"content":{"rendered":"<h2 data-start=\"53\" data-end=\"131\"><strong data-start=\"53\" data-end=\"129\">\u2728 \u00c9l\u00e9gant et pratique au quotidien<\/strong><\/h2>\n<p class=\"\" data-start=\"133\" data-end=\"489\">Emportez votre parfum pr\u00e9f\u00e9r\u00e9e partout avec vous gr\u00e2ce au vaporisateur de parfum rechargeable. Facile \u00e0 remplir gr\u00e2ce \u00e0 son syst\u00e8me de recharge par le bas, il vous permet d&#8217;emporter avec votre parfum du moment sans s&rsquo;encombrer et sans prendre le risque de casser la pr\u00e9cieuse bouteille de parfum. Son design \u00e9l\u00e9gant et compact s\u2019adapte parfaitement \u00e0 votre sac \u00e0 main, votre poche ou votre trousse de toilette.<\/p>\n<h2 data-start=\"491\" data-end=\"517\">\u2728 <strong data-start=\"493\" data-end=\"515\">Emporter son parfum du moment avec soi<\/strong><\/h2>\n<p class=\"\" data-start=\"520\" data-end=\"615\"><strong data-start=\"520\" data-end=\"539\">Recharge facile<\/strong> : Remplissage rapide et propre directement depuis votre flacon de parfum en quelques secondes.<\/p>\n<p class=\"\" data-start=\"618\" data-end=\"695\"><strong data-start=\"618\" data-end=\"636\">Design raffin\u00e9<\/strong> : Un format styl\u00e9, moderne et \u00e9l\u00e9gant.<\/p>\n<p class=\"\" data-start=\"698\" data-end=\"797\"><strong data-start=\"698\" data-end=\"720\">Pratique<\/strong> : Id\u00e9al pour les voyages, les \u00e9v\u00e8nements, les f\u00eates et le quotidien.<\/p>\n<p class=\"\" data-start=\"800\" data-end=\"867\"><strong data-start=\"800\" data-end=\"823\">Mat\u00e9riau de qualit\u00e9<\/strong> : L\u00e9ger, durable, avec un voyant qui permet de contr\u00f4ler la quantit\u00e9 de parfum restant.<\/p>\n<p><strong data-start=\"982\" data-end=\"1003\">Capacit\u00e9 optimale<\/strong> : Suffisamment de parfum pour plusieurs jours d\u2019utilisation.<\/p>\n<p>Ce vaporisateur est un indispensable pour celles et ceux qui aiment sentir bon toute la journ\u00e9e ou encore pour ceux qui mettent un parfum sp\u00e9cial lors de d&rsquo;un \u00e9v\u00e8nement sp\u00e9cial et qui souhaite garder ce m\u00eame parfum durant toute cette journ\u00e9e sp\u00e9ciale.<\/p>\n<div style=\"width: 720px;\" class=\"wp-video\"><video class=\"wp-video-shortcode\" id=\"video-35-1\" width=\"720\" height=\"1280\" loop autoplay preload=\"metadata\" controls=\"controls\"><source type=\"video\/mp4\" src=\"https:\/\/clapbam.com\/wp-content\/uploads\/2025\/12\/Perfume-Despenser.mp4?_=1\" \/><a href=\"https:\/\/clapbam.com\/wp-content\/uploads\/2025\/12\/Perfume-Despenser.mp4\">https:\/\/clapbam.com\/wp-content\/uploads\/2025\/12\/Perfume-Despenser.mp4<\/a><\/video><\/div>\n","protected":false},"excerpt":{"rendered":"<p>Fiole pulv\u00e9risateur rechargeable pour bouteille de parfum encastr\u00e9e.<\/p>\n<p>Permet de recueillir quelques millilitres de\u00a0 votre parfum du moment pour l&#8217;emporter avec vous.<\/p>\n<p>Deux bouteilles rechargeables vendus pour ce prix.<\/p>\n<p>&nbsp;<\/p>\n","protected":false},"featured_media":101,"template":"","meta":{"neve_meta_sidebar":"full-width","neve_meta_container":"","neve_meta_enable_content_width":"off","neve_meta_content_width":100,"neve_meta_title_alignment":"","neve_meta_author_avatar":"","neve_post_elements_order":"","neve_meta_disable_header":"","neve_meta_disable_footer":"","neve_meta_disable_title":"","_themeisle_gutenberg_block_has_review":false},"product_brand":[],"product_cat":[20],"product_tag":[],"class_list":{"0":"post-35","1":"product","2":"type-product","3":"status-publish","4":"has-post-thumbnail","6":"product_cat-neuf","8":"first","9":"instock","10":"shipping-taxable","11":"purchasable","12":"product-type-simple"},"jetpack_sharing_enabled":true,"_links":{"self":[{"href":"https:\/\/clapbam.com\/index.php\/wp-json\/wp\/v2\/product\/35","targetHints":{"allow":["GET"]}}],"collection":[{"href":"https:\/\/clapbam.com\/index.php\/wp-json\/wp\/v2\/product"}],"about":[{"href":"https:\/\/clapbam.com\/index.php\/wp-json\/wp\/v2\/types\/product"}],"wp:featuredmedia":[{"embeddable":true,"href":"https:\/\/clapbam.com\/index.php\/wp-json\/wp\/v2\/media\/101"}],"wp:attachment":[{"href":"https:\/\/clapbam.com\/index.php\/wp-json\/wp\/v2\/media?parent=35"}],"wp:term":[{"taxonomy":"product_brand","embeddable":true,"href":"https:\/\/clapbam.com\/index.php\/wp-json\/wp\/v2\/product_brand?post=35"},{"taxonomy":"product_cat","embeddable":true,"href":"https:\/\/clapbam.com\/index.php\/wp-json\/wp\/v2\/product_cat?post=35"},{"taxonomy":"product_tag","embeddable":true,"href":"https:\/\/clapbam.com\/index.php\/wp-json\/wp\/v2\/product_tag?post=35"}],"curies":[{"name":"wp","href":"https:\/\/api.w.org\/{rel}","templated":true}]}}