{"id":37,"date":"2025-12-19T15:47:14","date_gmt":"2025-12-19T15:47:14","guid":{"rendered":"http:\/\/clapbam.com\/index.php\/product\/product-name-here-2\/"},"modified":"2026-01-23T22:04:49","modified_gmt":"2026-01-23T22:04:49","slug":"brosses","status":"publish","type":"product","link":"https:\/\/clapbam.com\/index.php\/product\/brosses\/","title":{"rendered":"Lot de 2 Brosses + 2 Pelles pour le nettoyage des rainures de Fen\u00eatre"},"content":{"rendered":"<p class=\"\" data-end=\"488\" data-start=\"236\">Fini la poussi\u00e8re, le sable et la salet\u00e9 coinc\u00e9s entre les rainures des fen\u00eatres en aluminium de nos maisons!<br data-end=\"319\" data-start=\"316\" \/>Gr\u00e2ce \u00e0 cet outil qui comprend un pinceau et une pelle vous pourrez donner un coup de balaie vos fen\u00eatres, rails de porte, joints et autres recoins \u00e9troits en quelques secondes.<\/p>\n<p data-start=\"53\" data-end=\"131\"><strong data-start=\"53\" data-end=\"129\">\u2728<\/strong><strong>F<\/strong><strong data-end=\"523\" data-start=\"492\">ine et efficace<\/strong> : les poils souples permettent de d\u00e9loger les salet\u00e9s incrust\u00e9es entre les rainures et les angles.<\/p>\n<p data-start=\"53\" data-end=\"131\"><strong data-start=\"53\" data-end=\"129\">\u2728<\/strong><strong>P<\/strong><strong data-end=\"682\" data-start=\"665\">elle int\u00e9gr\u00e9e<\/strong> : La pelle permet de ramasser les salet\u00e9s facilement.<\/p>\n<p data-start=\"53\" data-end=\"131\"><strong data-start=\"53\" data-end=\"129\">\u2728<\/strong><strong>Gain de place :<\/strong> L&rsquo;outil est de petite taille et est facile \u00e0 ranger.\u00a0<br data-end=\"906\" data-start=\"903\" \/><b><\/b><\/p>\n<p data-start=\"53\" data-end=\"131\"><strong data-start=\"53\" data-end=\"129\">\u2728<\/strong><b>Taille adapt\u00e9e <\/b>: Parfaite pour les rails de fen\u00eatres, les joints de douche, les claviers et autres endroits \u00e9troits .<\/p>\n<p class=\"\" data-end=\"1177\" data-start=\"1039\">Un petit outil, de grands r\u00e9sultats; l&rsquo;adopter c&rsquo;est en finir avec l&rsquo;accumulation de sable dans les fen\u00eatres du salon, des chambres&#8230;<\/p>\n<div style=\"width: 720px;\" class=\"wp-video\"><video class=\"wp-video-shortcode\" id=\"video-37-1\" width=\"720\" height=\"720\" loop autoplay preload=\"metadata\" controls=\"controls\"><source type=\"video\/mp4\" src=\"https:\/\/clapbam.com\/wp-content\/uploads\/2025\/12\/brosse-de-nettoyage-de-fenetre-polyvalente-pour-bateaux-clavie-1.mp4?_=1\" \/><a href=\"https:\/\/clapbam.com\/wp-content\/uploads\/2025\/12\/brosse-de-nettoyage-de-fenetre-polyvalente-pour-bateaux-clavie-1.mp4\">https:\/\/clapbam.com\/wp-content\/uploads\/2025\/12\/brosse-de-nettoyage-de-fenetre-polyvalente-pour-bateaux-clavie-1.mp4<\/a><\/video><\/div>\n","protected":false},"excerpt":{"rendered":"<p>Mini brosses, pinceaux, balaies avec pelles int\u00e9gr\u00e9es pour le nettoyage des petits espaces<\/p>\n<p>Ils sont particuli\u00e8rement utiles pour nettoyer les fen\u00eatres coulissantes de nos maisons par exemple. La pelle permet de facilement retirer le sable et les salet\u00e9s.<\/p>\n<p>Deux mini brosses + 2 pelles int\u00e9gr\u00e9es vendues pour ce prix<\/p>\n","protected":false},"featured_media":186,"template":"","meta":{"neve_meta_sidebar":"","neve_meta_container":"","neve_meta_enable_content_width":"off","neve_meta_content_width":100,"neve_meta_title_alignment":"","neve_meta_author_avatar":"","neve_post_elements_order":"","neve_meta_disable_header":"","neve_meta_disable_footer":"","neve_meta_disable_title":"","_themeisle_gutenberg_block_has_review":false},"product_brand":[],"product_cat":[20],"product_tag":[],"class_list":{"0":"post-37","1":"product","2":"type-product","3":"status-publish","4":"has-post-thumbnail","6":"product_cat-neuf","8":"first","9":"instock","10":"shipping-taxable","11":"purchasable","12":"product-type-simple"},"jetpack_sharing_enabled":true,"_links":{"self":[{"href":"https:\/\/clapbam.com\/index.php\/wp-json\/wp\/v2\/product\/37","targetHints":{"allow":["GET"]}}],"collection":[{"href":"https:\/\/clapbam.com\/index.php\/wp-json\/wp\/v2\/product"}],"about":[{"href":"https:\/\/clapbam.com\/index.php\/wp-json\/wp\/v2\/types\/product"}],"wp:featuredmedia":[{"embeddable":true,"href":"https:\/\/clapbam.com\/index.php\/wp-json\/wp\/v2\/media\/186"}],"wp:attachment":[{"href":"https:\/\/clapbam.com\/index.php\/wp-json\/wp\/v2\/media?parent=37"}],"wp:term":[{"taxonomy":"product_brand","embeddable":true,"href":"https:\/\/clapbam.com\/index.php\/wp-json\/wp\/v2\/product_brand?post=37"},{"taxonomy":"product_cat","embeddable":true,"href":"https:\/\/clapbam.com\/index.php\/wp-json\/wp\/v2\/product_cat?post=37"},{"taxonomy":"product_tag","embeddable":true,"href":"https:\/\/clapbam.com\/index.php\/wp-json\/wp\/v2\/product_tag?post=37"}],"curies":[{"name":"wp","href":"https:\/\/api.w.org\/{rel}","templated":true}]}}