{"id":394,"date":"2026-01-09T18:38:51","date_gmt":"2026-01-09T18:38:51","guid":{"rendered":"https:\/\/clapbam.com\/?post_type=product&#038;p=394"},"modified":"2026-01-22T12:44:59","modified_gmt":"2026-01-22T12:44:59","slug":"kangourou-doccasion-pour-bebe-de-0-a-12-mois","status":"publish","type":"product","link":"https:\/\/clapbam.com\/index.php\/product\/kangourou-doccasion-pour-bebe-de-0-a-12-mois\/","title":{"rendered":"Kangourou d&rsquo;occasion pour b\u00e9b\u00e9 de 0 \u00e0 12 mois"},"content":{"rendered":"<p data-start=\"442\" data-end=\"721\">Ce kangourou porte-b\u00e9b\u00e9 d\u2019occasion est id\u00e9al pour porter votre b\u00e9b\u00e9 en toute s\u00e9curit\u00e9 d\u00e8s la naissance jusqu\u2019\u00e0 12 mois. Con\u00e7u pour offrir un excellent maintien, il respecte la position physiologique du b\u00e9b\u00e9 tout en assurant un confort optimal au parent. Vendu d&rsquo;occasion mais en tr\u00e8s bon \u00e9tat car utilis\u00e9 tr\u00e8s peu de fois.<\/p>\n<p data-start=\"442\" data-end=\"721\">Fabriqu\u00e9 avec des mat\u00e9riaux r\u00e9sistants et respirants, il permet un portage agr\u00e9able au quotidien, que ce soit \u00e0 la maison ou lors des sorties. Les bretelles r\u00e9glables et la ceinture de soutien assurent une bonne r\u00e9partition du poids et r\u00e9duisent la fatigue du dos et des \u00e9paules.<\/p>\n<p data-start=\"723\" data-end=\"920\">Le produit a \u00e9t\u00e9 soigneusement v\u00e9rifi\u00e9 et est en bon \u00e9tat g\u00e9n\u00e9ral, propre et pr\u00eat \u00e0 l\u2019emploi. Il pr\u00e9sente de l\u00e9g\u00e8res traces d\u2019utilisation normales, sans impact sur la s\u00e9curit\u00e9 ni la fonctionnalit\u00e9.<\/p>\n<ul data-start=\"945\" data-end=\"1142\">\n<li data-start=\"945\" data-end=\"980\">\n<p data-start=\"947\" data-end=\"980\">Adapt\u00e9 aux b\u00e9b\u00e9s de 0 \u00e0 12 mois<\/p>\n<\/li>\n<li data-start=\"981\" data-end=\"1028\">Bretelles et sangles ajustables<\/li>\n<li data-start=\"1065\" data-end=\"1107\">\n<p data-start=\"1067\" data-end=\"1107\">Maintien s\u00e9curis\u00e9 de la t\u00eate et du dos<\/p>\n<\/li>\n<li data-start=\"1108\" data-end=\"1142\">\n<p data-start=\"1110\" data-end=\"1142\">Tissu confortable et respirant<\/p>\n<\/li>\n<\/ul>\n<p data-start=\"1144\" data-end=\"1159\"><strong data-start=\"1144\" data-end=\"1159\">Avantages :<\/strong><\/p>\n<ul data-start=\"1160\" data-end=\"1268\">\n<li data-start=\"1160\" data-end=\"1197\">\n<p data-start=\"1162\" data-end=\"1197\">Solution \u00e9conomique et efficace<\/p>\n<\/li>\n<li data-start=\"1198\" data-end=\"1230\">\n<p data-start=\"1200\" data-end=\"1230\">Favorise le lien parent-b\u00e9b\u00e9<\/p>\n<\/li>\n<li data-start=\"1231\" data-end=\"1268\">\n<p data-start=\"1233\" data-end=\"1268\">Permet de garder les mains libres<\/p>\n<\/li>\n<li data-start=\"1231\" data-end=\"1268\">Couleur adapt\u00e9e pour les petits gar\u00e7ons et les petites filles<\/li>\n<\/ul>\n<p data-start=\"1270\" data-end=\"1344\">\n","protected":false},"excerpt":{"rendered":"<p data-start=\"187\" data-end=\"440\">Ce kangourou porte-b\u00e9b\u00e9 d\u2019occasion est id\u00e9al pour porter votre b\u00e9b\u00e9 en toute s\u00e9curit\u00e9 d\u00e8s la naissance jusqu\u2019\u00e0 12 mois. Con\u00e7u pour offrir un excellent maintien, il respecte la position physiologique du b\u00e9b\u00e9 tout en assurant un confort optimal au parent.<\/p>\n<p data-start=\"187\" data-end=\"440\">B\u00e9b\u00e9 peut \u00eatre port\u00e9 contre le dos ou en face de maman.<\/p>\n<p data-start=\"723\" data-end=\"920\">Le produit a \u00e9t\u00e9 soigneusement v\u00e9rifi\u00e9 et est en tr\u00e8s bon \u00e9tat, propre et pr\u00eat \u00e0 l\u2019emploi.<\/p>\n<ul data-start=\"1160\" data-end=\"1268\">\n<li data-start=\"1160\" data-end=\"1197\">\n<p data-start=\"1162\" data-end=\"1197\">Solution \u00e9conomique et \u00e9cologique et efficace!<\/p>\n<\/li>\n<\/ul>\n<p data-start=\"1270\" data-end=\"1344\"><span data-start=\"1273\" data-end=\"1344\">Voir les<\/span><em data-start=\"1273\" data-end=\"1344\"> photos r\u00e9elles du produit\u00a0 ci-contre.<\/em><\/p>\n","protected":false},"featured_media":426,"template":"","meta":{"neve_meta_sidebar":"","neve_meta_container":"","neve_meta_enable_content_width":"off","neve_meta_content_width":100,"neve_meta_title_alignment":"","neve_meta_author_avatar":"","neve_post_elements_order":"","neve_meta_disable_header":"","neve_meta_disable_footer":"","neve_meta_disable_title":"","_themeisle_gutenberg_block_has_review":false},"product_brand":[],"product_cat":[21],"product_tag":[],"class_list":{"0":"post-394","1":"product","2":"type-product","3":"status-publish","4":"has-post-thumbnail","6":"product_cat-occasion","8":"first","9":"instock","10":"shipping-taxable","11":"purchasable","12":"product-type-simple"},"jetpack_sharing_enabled":true,"_links":{"self":[{"href":"https:\/\/clapbam.com\/index.php\/wp-json\/wp\/v2\/product\/394","targetHints":{"allow":["GET"]}}],"collection":[{"href":"https:\/\/clapbam.com\/index.php\/wp-json\/wp\/v2\/product"}],"about":[{"href":"https:\/\/clapbam.com\/index.php\/wp-json\/wp\/v2\/types\/product"}],"wp:featuredmedia":[{"embeddable":true,"href":"https:\/\/clapbam.com\/index.php\/wp-json\/wp\/v2\/media\/426"}],"wp:attachment":[{"href":"https:\/\/clapbam.com\/index.php\/wp-json\/wp\/v2\/media?parent=394"}],"wp:term":[{"taxonomy":"product_brand","embeddable":true,"href":"https:\/\/clapbam.com\/index.php\/wp-json\/wp\/v2\/product_brand?post=394"},{"taxonomy":"product_cat","embeddable":true,"href":"https:\/\/clapbam.com\/index.php\/wp-json\/wp\/v2\/product_cat?post=394"},{"taxonomy":"product_tag","embeddable":true,"href":"https:\/\/clapbam.com\/index.php\/wp-json\/wp\/v2\/product_tag?post=394"}],"curies":[{"name":"wp","href":"https:\/\/api.w.org\/{rel}","templated":true}]}}