{"id":41,"date":"2025-12-19T15:47:14","date_gmt":"2025-12-19T15:47:14","guid":{"rendered":"http:\/\/clapbam.com\/index.php\/product\/product-name-here-4\/"},"modified":"2026-02-26T16:11:49","modified_gmt":"2026-02-26T16:11:49","slug":"cuilleres","status":"publish","type":"product","link":"https:\/\/clapbam.com\/index.php\/product\/cuilleres\/","title":{"rendered":"2 Cuill\u00e8res d&rsquo;apprentissage souples &#8211; B\u00e9b\u00e9 mange tout seul"},"content":{"rendered":"<h2 data-start=\"53\" data-end=\"131\"><strong data-start=\"53\" data-end=\"129\">\u27282 <\/strong><strong data-start=\"0\" data-end=\"65\">Cuill\u00e8res souples b\u00e9b\u00e9 mange tout seul<\/strong><\/h2>\n<p class=\"\" data-start=\"73\" data-end=\"352\">Ces cuill\u00e8res innovantes sont sp\u00e9cialement con\u00e7ues pour aider votre b\u00e9b\u00e9 \u00e0 apprendre \u00e0 manger seul. Avec sa forme plate b\u00e9b\u00e9 peut manger des deux cot\u00e9s de la cuill\u00e8re sans probl\u00e8me et sans salir partout. Gr\u00e2ce \u00e0 leur design unique avec un trou au centre, la pur\u00e9e reste accroch\u00e9e, \u00e9vitant les renversements et les frustrations.<\/p>\n<p class=\"\" data-start=\"73\" data-end=\"352\">Il y a deux mod\u00e8les par paquet : une pour les <strong data-start=\"409\" data-end=\"426\">pur\u00e9es lisses<\/strong> et une pour les<strong data-start=\"482\" data-end=\"501\"> pur\u00e9es \u00e9paisses.<\/strong><\/p>\n<p class=\"\" data-start=\"553\" data-end=\"700\">\ud83d\udd39 Prise en main facile pour les petites mains.<br data-start=\"600\" data-end=\"603\" \/>\ud83d\udd39 Encourage l\u2019autonomie et la motricit\u00e9 fine.<br data-start=\"649\" data-end=\"652\" \/>\ud83d\udd39 S\u00e9curitaire, sans BPA et facile \u00e0 nettoyer.<\/p>\n<p class=\"\" data-start=\"553\" data-end=\"700\">Commandez d\u00e8s maintenant.<\/p>\n<div style=\"width: 1080px;\" class=\"wp-video\"><video class=\"wp-video-shortcode\" id=\"video-41-1\" width=\"1080\" height=\"1920\" loop autoplay preload=\"metadata\" controls=\"controls\"><source type=\"video\/mp4\" src=\"https:\/\/clapbam.com\/wp-content\/uploads\/2025\/12\/Vidmc-cuilleres.mp4?_=1\" \/><a href=\"https:\/\/clapbam.com\/wp-content\/uploads\/2025\/12\/Vidmc-cuilleres.mp4\">https:\/\/clapbam.com\/wp-content\/uploads\/2025\/12\/Vidmc-cuilleres.mp4<\/a><\/video><\/div>\n<p>&nbsp;<\/p>\n","protected":false},"excerpt":{"rendered":"<p>Cuill\u00e8re pour b\u00e9b\u00e9 de 6 mois \u00e0 1 an<\/p>\n<p>B\u00e9b\u00e9 veut manger seul? Il pleure\u00a0 pour tenir sa propre cuill\u00e8re? Avec cette cuill\u00e8re et sa forme plate et adh\u00e9rant, b\u00e9b\u00e9 peut manger tout seul, des deux cot\u00e9s de la cuill\u00e8re sans probl\u00e8me et sans salir partout.<\/p>\n<p>Petit conseil : prenez aussi une cuill\u00e8re et donner \u00e0 manger \u00e0 b\u00e9b\u00e9 en m\u00eame temps.<\/p>\n<p>2 cuill\u00e8res (une pour les bouillies plates et une pour les bouillies \u00e9paisses) vendues pour ce prix.<\/p>\n","protected":false},"featured_media":179,"template":"","meta":{"neve_meta_sidebar":"","neve_meta_container":"","neve_meta_enable_content_width":"off","neve_meta_content_width":100,"neve_meta_title_alignment":"","neve_meta_author_avatar":"","neve_post_elements_order":"","neve_meta_disable_header":"","neve_meta_disable_footer":"","neve_meta_disable_title":"","_themeisle_gutenberg_block_has_review":false},"product_brand":[],"product_cat":[20],"product_tag":[],"class_list":{"0":"post-41","1":"product","2":"type-product","3":"status-publish","4":"has-post-thumbnail","6":"product_cat-neuf","8":"first","9":"instock","10":"purchasable","11":"product-type-simple"},"jetpack_sharing_enabled":true,"_links":{"self":[{"href":"https:\/\/clapbam.com\/index.php\/wp-json\/wp\/v2\/product\/41","targetHints":{"allow":["GET"]}}],"collection":[{"href":"https:\/\/clapbam.com\/index.php\/wp-json\/wp\/v2\/product"}],"about":[{"href":"https:\/\/clapbam.com\/index.php\/wp-json\/wp\/v2\/types\/product"}],"wp:featuredmedia":[{"embeddable":true,"href":"https:\/\/clapbam.com\/index.php\/wp-json\/wp\/v2\/media\/179"}],"wp:attachment":[{"href":"https:\/\/clapbam.com\/index.php\/wp-json\/wp\/v2\/media?parent=41"}],"wp:term":[{"taxonomy":"product_brand","embeddable":true,"href":"https:\/\/clapbam.com\/index.php\/wp-json\/wp\/v2\/product_brand?post=41"},{"taxonomy":"product_cat","embeddable":true,"href":"https:\/\/clapbam.com\/index.php\/wp-json\/wp\/v2\/product_cat?post=41"},{"taxonomy":"product_tag","embeddable":true,"href":"https:\/\/clapbam.com\/index.php\/wp-json\/wp\/v2\/product_tag?post=41"}],"curies":[{"name":"wp","href":"https:\/\/api.w.org\/{rel}","templated":true}]}}