{"id":442,"date":"2026-01-12T13:36:57","date_gmt":"2026-01-12T13:36:57","guid":{"rendered":"https:\/\/clapbam.com\/?post_type=product&#038;p=442"},"modified":"2026-01-22T11:46:11","modified_gmt":"2026-01-22T11:46:11","slug":"appareil-multifonction-6-en-1-doccasion-panini-croque-monsieur-beignets-madeleines","status":"publish","type":"product","link":"https:\/\/clapbam.com\/index.php\/product\/appareil-multifonction-6-en-1-doccasion-panini-croque-monsieur-beignets-madeleines\/","title":{"rendered":"Appareil multifonction 6 en 1 d\u2019occasion : panini, croque-monsieur, beignets, madeleines"},"content":{"rendered":"<p data-start=\"281\" data-end=\"711\">Ce appareil multifonction d\u2019occasion est un \u00e9lectrom\u00e9nager polyvalent qui permet de r\u00e9aliser facilement une vari\u00e9t\u00e9 de pr\u00e9parations : croque-monsieur, paninis, grillades l\u00e9g\u00e8res, beignets et madeleine. Il constitue une solution pratique pour les collations au quotidien.<\/p>\n<p data-start=\"1035\" data-end=\"1059\"><strong data-start=\"1035\" data-end=\"1057\">Caract\u00e9ristiques :<\/strong><\/p>\n<ul data-start=\"1060\" data-end=\"1441\">\n<li data-start=\"1060\" data-end=\"1200\">\n<p data-start=\"1062\" data-end=\"1200\">Appareil de cuisson multifonction d\u2019occasion avec 6 usages diff\u00e9rents (croque-monsieur, grill, panini, gaufres, beignets)<\/p>\n<\/li>\n<li data-start=\"1201\" data-end=\"1241\">\n<p data-start=\"1203\" data-end=\"1241\">Chauffage rapide et cuisson homog\u00e8ne<\/p>\n<\/li>\n<li data-start=\"1242\" data-end=\"1299\">\n<p data-start=\"1244\" data-end=\"1299\">Plaques de cuisson antiadh\u00e9sives (faciles \u00e0 nettoyer)<\/p>\n<\/li>\n<\/ul>\n<p data-start=\"1443\" data-end=\"1460\"><strong data-start=\"1443\" data-end=\"1458\">Avantages :<\/strong><\/p>\n<ul data-start=\"1461\" data-end=\"1721\">\n<li data-start=\"1461\" data-end=\"1530\">\n<p data-start=\"1463\" data-end=\"1530\">Permet de pr\u00e9parer une grande vari\u00e9t\u00e9 de plats simples et rapides<\/p>\n<\/li>\n<li data-start=\"1531\" data-end=\"1597\">\n<p data-start=\"1533\" data-end=\"1597\">Nettoyage et entretien facilit\u00e9s par le rev\u00eatement antiadh\u00e9sif<\/p>\n<\/li>\n<\/ul>\n<p data-start=\"1723\" data-end=\"1928\">Ce produit est en bon \u00e9tat g\u00e9n\u00e9ral.<\/p>\n<p data-start=\"1930\" data-end=\"2002\"><em data-start=\"1933\" data-end=\"2002\">Produit vendu d\u2019occasion \u2013 photos r\u00e9elles disponibles sur la fiche.<\/em><\/p>\n","protected":false},"excerpt":{"rendered":"<p data-start=\"281\" data-end=\"711\">Cet appareil multifonction d\u2019occasion est un \u00e9lectrom\u00e9nager polyvalent qui permet de r\u00e9aliser facilement une vari\u00e9t\u00e9 de pr\u00e9parations : croque-monsieur, paninis, grillades l\u00e9g\u00e8res, beignets et madeleine. Il constitue une solution pratique pour les collations au quotidien.<\/p>\n<p data-start=\"1930\" data-end=\"2002\">\n","protected":false},"featured_media":525,"template":"","meta":{"neve_meta_sidebar":"","neve_meta_container":"","neve_meta_enable_content_width":"off","neve_meta_content_width":100,"neve_meta_title_alignment":"","neve_meta_author_avatar":"","neve_post_elements_order":"","neve_meta_disable_header":"","neve_meta_disable_footer":"","neve_meta_disable_title":"","_themeisle_gutenberg_block_has_review":false},"product_brand":[],"product_cat":[21],"product_tag":[],"class_list":{"0":"post-442","1":"product","2":"type-product","3":"status-publish","4":"has-post-thumbnail","6":"product_cat-occasion","8":"first","9":"instock","10":"shipping-taxable","11":"purchasable","12":"product-type-simple"},"jetpack_sharing_enabled":true,"_links":{"self":[{"href":"https:\/\/clapbam.com\/index.php\/wp-json\/wp\/v2\/product\/442","targetHints":{"allow":["GET"]}}],"collection":[{"href":"https:\/\/clapbam.com\/index.php\/wp-json\/wp\/v2\/product"}],"about":[{"href":"https:\/\/clapbam.com\/index.php\/wp-json\/wp\/v2\/types\/product"}],"wp:featuredmedia":[{"embeddable":true,"href":"https:\/\/clapbam.com\/index.php\/wp-json\/wp\/v2\/media\/525"}],"wp:attachment":[{"href":"https:\/\/clapbam.com\/index.php\/wp-json\/wp\/v2\/media?parent=442"}],"wp:term":[{"taxonomy":"product_brand","embeddable":true,"href":"https:\/\/clapbam.com\/index.php\/wp-json\/wp\/v2\/product_brand?post=442"},{"taxonomy":"product_cat","embeddable":true,"href":"https:\/\/clapbam.com\/index.php\/wp-json\/wp\/v2\/product_cat?post=442"},{"taxonomy":"product_tag","embeddable":true,"href":"https:\/\/clapbam.com\/index.php\/wp-json\/wp\/v2\/product_tag?post=442"}],"curies":[{"name":"wp","href":"https:\/\/api.w.org\/{rel}","templated":true}]}}