{"id":519,"date":"2026-01-12T12:35:23","date_gmt":"2026-01-12T12:35:23","guid":{"rendered":"https:\/\/clapbam.com\/?post_type=product&#038;p=519"},"modified":"2026-01-22T12:25:40","modified_gmt":"2026-01-22T12:25:40","slug":"lot-de-6-assiettes-plates-transparentes-en-verre-occasion-mais-nont-jamais-ete-utilisees","status":"publish","type":"product","link":"https:\/\/clapbam.com\/index.php\/product\/lot-de-6-assiettes-plates-transparentes-en-verre-occasion-mais-nont-jamais-ete-utilisees\/","title":{"rendered":"Lot de 6 assiettes plates transparentes en verre (occasion mais n&rsquo;ont jamais \u00e9t\u00e9 utilis\u00e9es)"},"content":{"rendered":"<p data-start=\"221\" data-end=\"467\">Ces 6 assiettes plates transparentes sont id\u00e9ales pour la pr\u00e9sentation, le service, un usage d\u00e9coratif ou un repas classique.<\/p>\n<p data-start=\"469\" data-end=\"745\">Elles n\u2019ont jamais \u00e9t\u00e9 utilis\u00e9es et sont en excellent \u00e9tat.<\/p>\n<p data-start=\"747\" data-end=\"884\">Elles conviennent particuli\u00e8rement pour la pr\u00e9sentation de desserts, g\u00e2teaux, amuse-bouches, fruits ou comme support d\u00e9coratif.<\/p>\n<h4 data-start=\"886\" data-end=\"909\">Caract\u00e9ristiques :<\/h4>\n<ul data-start=\"910\" data-end=\"1106\">\n<li data-start=\"953\" data-end=\"994\">\n<p data-start=\"955\" data-end=\"994\">Produit d\u2019occasion mais jamais utilis\u00e9<\/p>\n<\/li>\n<li data-start=\"995\" data-end=\"1022\">\n<p data-start=\"997\" data-end=\"1022\">Design sobre et moderne<\/p>\n<\/li>\n<li data-start=\"1023\" data-end=\"1061\">\n<p data-start=\"1025\" data-end=\"1061\">Surface lisse et facile \u00e0 nettoyer<\/p>\n<\/li>\n<li data-start=\"1062\" data-end=\"1106\">\n<p data-start=\"1064\" data-end=\"1106\">Adapt\u00e9es \u00e0 la pr\u00e9sentation et au service<\/p>\n<\/li>\n<\/ul>\n<h4 data-start=\"1108\" data-end=\"1133\">Usages recommand\u00e9s :<\/h4>\n<ul data-start=\"1134\" data-end=\"1285\">\n<li data-start=\"1134\" data-end=\"1163\">\n<p data-start=\"1136\" data-end=\"1163\">Assiettes de pr\u00e9sentation<\/p>\n<\/li>\n<li data-start=\"1164\" data-end=\"1187\">\n<p data-start=\"1166\" data-end=\"1187\">Plateaux de service<\/p>\n<\/li>\n<li data-start=\"1188\" data-end=\"1230\">\n<p data-start=\"1190\" data-end=\"1230\">D\u00e9coration de table ou centre de table<\/p>\n<\/li>\n<li data-start=\"1231\" data-end=\"1285\">\n<p data-start=\"1233\" data-end=\"1285\">Usage \u00e9v\u00e9nementiel (r\u00e9ceptions, buffets, c\u00e9r\u00e9monies)<\/p>\n<\/li>\n<\/ul>\n<h4 data-start=\"1287\" data-end=\"1303\">Avantages :<\/h4>\n<ul data-start=\"1304\" data-end=\"1493\">\n<li data-start=\"1304\" data-end=\"1339\">\n<p data-start=\"1306\" data-end=\"1339\">Esth\u00e9tique \u00e9l\u00e9gante et discr\u00e8te<\/p>\n<\/li>\n<li data-start=\"1340\" data-end=\"1389\">\n<p data-start=\"1342\" data-end=\"1389\">Met en valeur les aliments et les d\u00e9corations<\/p>\n<\/li>\n<li data-start=\"1390\" data-end=\"1433\">\n<p data-start=\"1392\" data-end=\"1433\">Solution \u00e9conomique<\/p>\n<\/li>\n<\/ul>\n<p data-start=\"1495\" data-end=\"1584\"><em data-start=\"1498\" data-end=\"1584\">Produit vendu par lot de 6 ou de 12 &#8211; photos r\u00e9elles sur la fiche<\/em><\/p>\n","protected":false},"excerpt":{"rendered":"<p data-start=\"221\" data-end=\"467\">Ces 6 assiettes plates transparentes sont id\u00e9ales pour la pr\u00e9sentation, le service, un usage d\u00e9coratif ou un repas classique.<\/p>\n<p data-start=\"469\" data-end=\"745\">Bien que vendues comme produit d\u2019occasion, elles n\u2019ont jamais \u00e9t\u00e9 utilis\u00e9es et sont en excellent \u00e9tat. Leur transparence apporte une touche moderne et \u00e9l\u00e9gante, parfaitement adapt\u00e9e aux tables soign\u00e9es, aux \u00e9v\u00e9nements ou \u00e0 la mise en valeur de pr\u00e9parations culinaires.<\/p>\n<p data-start=\"747\" data-end=\"884\">Elles conviennent particuli\u00e8rement pour la pr\u00e9sentation de desserts, g\u00e2teaux, amuse-bouches, fruits ou comme support d\u00e9coratif.<\/p>\n<ul data-start=\"1134\" data-end=\"1285\">\n<li data-start=\"1134\" data-end=\"1163\">\n<p data-start=\"1136\" data-end=\"1163\">Assiettes de pr\u00e9sentation<\/p>\n<\/li>\n<li data-start=\"1164\" data-end=\"1187\">\n<p data-start=\"1166\" data-end=\"1187\">Plateaux de service<\/p>\n<\/li>\n<li data-start=\"1188\" data-end=\"1230\">\n<p data-start=\"1190\" data-end=\"1230\">D\u00e9coration de table ou centre de table<\/p>\n<\/li>\n<li data-start=\"1231\" data-end=\"1285\">\n<p data-start=\"1233\" data-end=\"1285\">Usage \u00e9v\u00e9nementiel (r\u00e9ceptions, buffets, c\u00e9r\u00e9monies)<\/p>\n<\/li>\n<\/ul>\n<p data-start=\"1495\" data-end=\"1584\">\n","protected":false},"featured_media":405,"template":"","meta":{"neve_meta_sidebar":"","neve_meta_container":"","neve_meta_enable_content_width":"off","neve_meta_content_width":100,"neve_meta_title_alignment":"","neve_meta_author_avatar":"","neve_post_elements_order":"","neve_meta_disable_header":"","neve_meta_disable_footer":"","neve_meta_disable_title":"","_themeisle_gutenberg_block_has_review":false},"product_brand":[],"product_cat":[21],"product_tag":[],"class_list":{"0":"post-519","1":"product","2":"type-product","3":"status-publish","4":"has-post-thumbnail","6":"product_cat-occasion","8":"first","9":"instock","10":"shipping-taxable","11":"purchasable","12":"product-type-simple"},"jetpack_sharing_enabled":true,"_links":{"self":[{"href":"https:\/\/clapbam.com\/index.php\/wp-json\/wp\/v2\/product\/519","targetHints":{"allow":["GET"]}}],"collection":[{"href":"https:\/\/clapbam.com\/index.php\/wp-json\/wp\/v2\/product"}],"about":[{"href":"https:\/\/clapbam.com\/index.php\/wp-json\/wp\/v2\/types\/product"}],"wp:featuredmedia":[{"embeddable":true,"href":"https:\/\/clapbam.com\/index.php\/wp-json\/wp\/v2\/media\/405"}],"wp:attachment":[{"href":"https:\/\/clapbam.com\/index.php\/wp-json\/wp\/v2\/media?parent=519"}],"wp:term":[{"taxonomy":"product_brand","embeddable":true,"href":"https:\/\/clapbam.com\/index.php\/wp-json\/wp\/v2\/product_brand?post=519"},{"taxonomy":"product_cat","embeddable":true,"href":"https:\/\/clapbam.com\/index.php\/wp-json\/wp\/v2\/product_cat?post=519"},{"taxonomy":"product_tag","embeddable":true,"href":"https:\/\/clapbam.com\/index.php\/wp-json\/wp\/v2\/product_tag?post=519"}],"curies":[{"name":"wp","href":"https:\/\/api.w.org\/{rel}","templated":true}]}}