{"id":520,"date":"2026-01-12T12:49:50","date_gmt":"2026-01-12T12:49:50","guid":{"rendered":"https:\/\/clapbam.com\/?post_type=product&#038;p=520"},"modified":"2026-01-22T11:46:30","modified_gmt":"2026-01-22T11:46:30","slug":"lot-de-8-tasses-1-theiere-1-pot-a-sucre-et-1-pot-a-lait","status":"publish","type":"product","link":"https:\/\/clapbam.com\/index.php\/product\/lot-de-8-tasses-1-theiere-1-pot-a-sucre-et-1-pot-a-lait\/","title":{"rendered":"Lot de 8 tasses, 1 th\u00e9i\u00e8re, 1 pot \u00e0 sucre et 1 pot \u00e0 lait"},"content":{"rendered":"<p data-start=\"219\" data-end=\"470\">Ce lot 8 tasses, 1 th\u00e9i\u00e8re, 1 pot \u00e0 sucre et \u00e0 lait assortie est id\u00e9al pour les amateurs de th\u00e9 ataya, de caf\u00e9&#8230; et de moments conviviaux.<\/p>\n<p data-start=\"752\" data-end=\"867\">Parfait pour un usage quotidien, pour recevoir des invit\u00e9s ou comme \u00e9l\u00e9ment d\u00e9coratif dans un salon.<\/p>\n<h4 data-start=\"869\" data-end=\"894\">Composition du lot :<\/h4>\n<ul data-start=\"895\" data-end=\"962\">\n<li data-start=\"895\" data-end=\"921\">\n<p data-start=\"897\" data-end=\"921\">8 Tasses \u00e0 th\u00e9 assorties<\/p>\n<\/li>\n<li data-start=\"922\" data-end=\"935\">\n<p data-start=\"924\" data-end=\"935\">1 pot \u00e0 sucre<\/p>\n<\/li>\n<li data-start=\"922\" data-end=\"935\">\n<p data-start=\"924\" data-end=\"935\">1 pot \u00e0 lait<\/p>\n<\/li>\n<li data-start=\"936\" data-end=\"962\">\n<p data-start=\"938\" data-end=\"962\">1 th\u00e9i\u00e8re avec couvercle<\/p>\n<\/li>\n<\/ul>\n<h4 data-start=\"1006\" data-end=\"1029\">Caract\u00e9ristiques :<\/h4>\n<ul data-start=\"1030\" data-end=\"1175\">\n<li data-start=\"1030\" data-end=\"1060\">\n<p data-start=\"1032\" data-end=\"1060\">Service \u00e0 th\u00e9 en c\u00e9ramique<\/p>\n<\/li>\n<li data-start=\"1061\" data-end=\"1097\">\n<p data-start=\"1063\" data-end=\"1097\">Motifs d\u00e9coratifs bleus et dor\u00e9s<\/p>\n<\/li>\n<li data-start=\"1098\" data-end=\"1128\">\n<p data-start=\"1100\" data-end=\"1128\">Style classique et \u00e9l\u00e9gant<\/p>\n<\/li>\n<li data-start=\"1129\" data-end=\"1175\">\n<p data-start=\"1131\" data-end=\"1175\">Convient pour th\u00e9, infusions ou caf\u00e9 l\u00e9ger<\/p>\n<\/li>\n<\/ul>\n<h4 data-start=\"1177\" data-end=\"1193\">Avantages :<\/h4>\n<ul data-start=\"1194\" data-end=\"1370\">\n<li data-start=\"1194\" data-end=\"1231\">\n<p data-start=\"1196\" data-end=\"1231\">Ensemble harmonieux et esth\u00e9tique<\/p>\n<\/li>\n<li data-start=\"1232\" data-end=\"1269\">\n<p data-start=\"1234\" data-end=\"1269\">Id\u00e9al pour les moments de partage<\/p>\n<\/li>\n<li data-start=\"1270\" data-end=\"1324\">\n<p data-start=\"1272\" data-end=\"1324\">Alternative \u00e9conomique \u00e0 l\u2019achat d\u2019un service neuf<\/p>\n<\/li>\n<li data-start=\"1325\" data-end=\"1370\">\n<p data-start=\"1327\" data-end=\"1370\">Peut \u00e9galement servir d\u2019\u00e9l\u00e9ment d\u00e9coratif<\/p>\n<\/li>\n<\/ul>\n<p data-start=\"1372\" data-end=\"1428\"><em data-start=\"1375\" data-end=\"1428\">Produit vendu en lot \u2013 photos r\u00e9elles sur la fiche ci-dessus.<\/em><\/p>\n","protected":false},"excerpt":{"rendered":"<p data-start=\"219\" data-end=\"470\">Ce lot 8 tasses, 1 th\u00e9i\u00e8re, 1 pot \u00e0 sucre et \u00e0 lait assortie est id\u00e9al pour les amateurs de th\u00e9 ataya, de caf\u00e9&#8230; et de moments conviviaux. R\u00e9alis\u00e9 en c\u00e9ramique blanche avec de jolis motifs d\u00e9coratifs bleus et dor\u00e9s, il apporte une touche \u00e9l\u00e9gante et chaleureuse.<\/p>\n<p data-start=\"472\" data-end=\"750\">Le service comprend 8 tasses ainsi qu\u2019une th\u00e9i\u00e8re assortie avec couvercle, 1 pot de sucre avec couvercle et 1 pot de lait. L\u2019ensemble est vendu d\u2019occasion, en bon \u00e9tat g\u00e9n\u00e9ral, propre et fonctionnel.<\/p>\n<p data-start=\"752\" data-end=\"867\">Parfait pour un usage quotidien, pour recevoir des invit\u00e9s ou comme \u00e9l\u00e9ment d\u00e9coratif dans un salon.<\/p>\n<h4 data-start=\"869\" data-end=\"894\">Composition du lot :<\/h4>\n<ul data-start=\"895\" data-end=\"962\">\n<li data-start=\"895\" data-end=\"921\">\n<p data-start=\"897\" data-end=\"921\">8 Tasses \u00e0 th\u00e9 assorties<\/p>\n<\/li>\n<li data-start=\"922\" data-end=\"935\">\n<p data-start=\"924\" data-end=\"935\">1 pot \u00e0 sucre<\/p>\n<\/li>\n<li data-start=\"922\" data-end=\"935\">\n<p data-start=\"924\" data-end=\"935\">1 pot \u00e0 lait<\/p>\n<\/li>\n<li data-start=\"936\" data-end=\"962\">\n<p data-start=\"938\" data-end=\"962\">1 th\u00e9i\u00e8re avec couvercle<\/p>\n<\/li>\n<\/ul>\n","protected":false},"featured_media":410,"template":"","meta":{"neve_meta_sidebar":"","neve_meta_container":"","neve_meta_enable_content_width":"off","neve_meta_content_width":100,"neve_meta_title_alignment":"","neve_meta_author_avatar":"","neve_post_elements_order":"","neve_meta_disable_header":"","neve_meta_disable_footer":"","neve_meta_disable_title":"","_themeisle_gutenberg_block_has_review":false},"product_brand":[],"product_cat":[21],"product_tag":[],"class_list":{"0":"post-520","1":"product","2":"type-product","3":"status-publish","4":"has-post-thumbnail","6":"product_cat-occasion","8":"first","9":"instock","10":"shipping-taxable","11":"purchasable","12":"product-type-simple"},"jetpack_sharing_enabled":true,"_links":{"self":[{"href":"https:\/\/clapbam.com\/index.php\/wp-json\/wp\/v2\/product\/520","targetHints":{"allow":["GET"]}}],"collection":[{"href":"https:\/\/clapbam.com\/index.php\/wp-json\/wp\/v2\/product"}],"about":[{"href":"https:\/\/clapbam.com\/index.php\/wp-json\/wp\/v2\/types\/product"}],"wp:featuredmedia":[{"embeddable":true,"href":"https:\/\/clapbam.com\/index.php\/wp-json\/wp\/v2\/media\/410"}],"wp:attachment":[{"href":"https:\/\/clapbam.com\/index.php\/wp-json\/wp\/v2\/media?parent=520"}],"wp:term":[{"taxonomy":"product_brand","embeddable":true,"href":"https:\/\/clapbam.com\/index.php\/wp-json\/wp\/v2\/product_brand?post=520"},{"taxonomy":"product_cat","embeddable":true,"href":"https:\/\/clapbam.com\/index.php\/wp-json\/wp\/v2\/product_cat?post=520"},{"taxonomy":"product_tag","embeddable":true,"href":"https:\/\/clapbam.com\/index.php\/wp-json\/wp\/v2\/product_tag?post=520"}],"curies":[{"name":"wp","href":"https:\/\/api.w.org\/{rel}","templated":true}]}}