{"id":521,"date":"2026-01-12T13:21:37","date_gmt":"2026-01-12T13:21:37","guid":{"rendered":"https:\/\/clapbam.com\/?post_type=product&#038;p=521"},"modified":"2026-01-23T22:40:34","modified_gmt":"2026-01-23T22:40:34","slug":"ecrin-pour-alliance","status":"publish","type":"product","link":"https:\/\/clapbam.com\/index.php\/product\/ecrin-pour-alliance\/","title":{"rendered":"Ecrin pour alliance"},"content":{"rendered":"<p data-start=\"786\" data-end=\"809\">Cet \u00e9crin pour alliances est id\u00e9al pour pr\u00e9senter et prot\u00e9ger des alliances lors d\u2019un mariage, d\u2019une c\u00e9r\u00e9monie ou pour un rangement soign\u00e9 au quotidien. Son format compact et sa finition soign\u00e9e mettent les bagues en valeur tout en assurant leur protection contre les chocs et les rayures.<\/p>\n<h4 data-start=\"786\" data-end=\"809\">Caract\u00e9ristiques :<\/h4>\n<ul data-start=\"810\" data-end=\"967\">\n<li data-start=\"845\" data-end=\"900\">\n<p data-start=\"847\" data-end=\"900\">Int\u00e9rieur con\u00e7u pour maintenir les anneaux en place<\/p>\n<\/li>\n<li data-start=\"901\" data-end=\"924\">\n<p data-start=\"903\" data-end=\"924\">Fermeture s\u00e9curis\u00e9e<\/p>\n<\/li>\n<li data-start=\"925\" data-end=\"967\">\n<p data-start=\"927\" data-end=\"967\">Format compact et facile \u00e0 transporter<\/p>\n<\/li>\n<\/ul>\n<h4 data-start=\"969\" data-end=\"985\">Avantages :<\/h4>\n<ul data-start=\"986\" data-end=\"1178\">\n<li data-start=\"986\" data-end=\"1038\">\n<p data-start=\"988\" data-end=\"1038\">Met en valeur les alliances lors de la c\u00e9r\u00e9monie<\/p>\n<\/li>\n<li data-start=\"1039\" data-end=\"1074\">\n<p data-start=\"1041\" data-end=\"1074\">Prot\u00e8ge efficacement les bijoux<\/p>\n<\/li>\n<li data-start=\"1075\" data-end=\"1126\">\n<p data-start=\"1077\" data-end=\"1126\">Convient pour mariage, fian\u00e7ailles ou rangement<\/p>\n<\/li>\n<\/ul>\n<p data-start=\"1180\" data-end=\"1234\"><em data-start=\"1183\" data-end=\"1234\">Produit vendu seul \u2013 photos r\u00e9elles sur la fiche ci-dessus.<\/em><\/p>\n","protected":false},"excerpt":{"rendered":"<p data-start=\"198\" data-end=\"491\">Cet \u00e9crin pour alliances est id\u00e9al pour pr\u00e9senter et prot\u00e9ger des alliances lors d\u2019un mariage, d\u2019une c\u00e9r\u00e9monie ou pour un rangement soign\u00e9 au quotidien. Son format compact et sa finition soign\u00e9e mettent les bagues en valeur tout en assurant leur protection contre les chocs et les rayures.<\/p>\n<p data-start=\"493\" data-end=\"687\">Vendu d\u2019occasion, l\u2019\u00e9crin est en bon \u00e9tat.<\/p>\n","protected":false},"featured_media":414,"template":"","meta":{"neve_meta_sidebar":"","neve_meta_container":"","neve_meta_enable_content_width":"off","neve_meta_content_width":100,"neve_meta_title_alignment":"","neve_meta_author_avatar":"","neve_post_elements_order":"","neve_meta_disable_header":"","neve_meta_disable_footer":"","neve_meta_disable_title":"","_themeisle_gutenberg_block_has_review":false},"product_brand":[],"product_cat":[21],"product_tag":[],"class_list":{"0":"post-521","1":"product","2":"type-product","3":"status-publish","4":"has-post-thumbnail","6":"product_cat-occasion","8":"first","9":"instock","10":"shipping-taxable","11":"purchasable","12":"product-type-simple"},"jetpack_sharing_enabled":true,"_links":{"self":[{"href":"https:\/\/clapbam.com\/index.php\/wp-json\/wp\/v2\/product\/521","targetHints":{"allow":["GET"]}}],"collection":[{"href":"https:\/\/clapbam.com\/index.php\/wp-json\/wp\/v2\/product"}],"about":[{"href":"https:\/\/clapbam.com\/index.php\/wp-json\/wp\/v2\/types\/product"}],"wp:featuredmedia":[{"embeddable":true,"href":"https:\/\/clapbam.com\/index.php\/wp-json\/wp\/v2\/media\/414"}],"wp:attachment":[{"href":"https:\/\/clapbam.com\/index.php\/wp-json\/wp\/v2\/media?parent=521"}],"wp:term":[{"taxonomy":"product_brand","embeddable":true,"href":"https:\/\/clapbam.com\/index.php\/wp-json\/wp\/v2\/product_brand?post=521"},{"taxonomy":"product_cat","embeddable":true,"href":"https:\/\/clapbam.com\/index.php\/wp-json\/wp\/v2\/product_cat?post=521"},{"taxonomy":"product_tag","embeddable":true,"href":"https:\/\/clapbam.com\/index.php\/wp-json\/wp\/v2\/product_tag?post=521"}],"curies":[{"name":"wp","href":"https:\/\/api.w.org\/{rel}","templated":true}]}}