{"id":523,"date":"2026-01-12T13:26:20","date_gmt":"2026-01-12T13:26:20","guid":{"rendered":"https:\/\/clapbam.com\/?post_type=product&#038;p=523"},"modified":"2026-01-12T13:52:05","modified_gmt":"2026-01-12T13:52:05","slug":"mug-thermos-doccasion","status":"publish","type":"product","link":"https:\/\/clapbam.com\/index.php\/product\/mug-thermos-doccasion\/","title":{"rendered":"Mug thermos d&rsquo;occasion"},"content":{"rendered":"<h4 data-start=\"865\" data-end=\"888\">Caract\u00e9ristiques :<\/h4>\n<ul data-start=\"889\" data-end=\"1090\">\n<li data-start=\"889\" data-end=\"915\">\n<p data-start=\"891\" data-end=\"915\">Mug thermos d\u2019occasion<\/p>\n<\/li>\n<li data-start=\"916\" data-end=\"955\">\n<p data-start=\"918\" data-end=\"955\">Fonction isotherme (chaud et froid)<\/p>\n<\/li>\n<li data-start=\"956\" data-end=\"994\">\n<p data-start=\"958\" data-end=\"994\">Couvercle avec fermeture s\u00e9curis\u00e9e<\/p>\n<\/li>\n<li data-start=\"995\" data-end=\"1038\">\n<p data-start=\"997\" data-end=\"1038\">Format pratique et facile \u00e0 transporter<\/p>\n<\/li>\n<li data-start=\"1039\" data-end=\"1090\">\n<p data-start=\"1041\" data-end=\"1090\">Convient pour caf\u00e9, th\u00e9, eau ou autres boissons<\/p>\n<\/li>\n<\/ul>\n<h4 data-start=\"1092\" data-end=\"1108\">Avantages :<\/h4>\n<ul data-start=\"1109\" data-end=\"1301\">\n<li data-start=\"1109\" data-end=\"1165\">\n<p data-start=\"1111\" data-end=\"1165\">Maintient la temp\u00e9rature des boissons plus longtemps<\/p>\n<\/li>\n<li data-start=\"1166\" data-end=\"1203\">\n<p data-start=\"1168\" data-end=\"1203\">Id\u00e9al pour une utilisation nomade<\/p>\n<\/li>\n<\/ul>\n<p data-start=\"1303\" data-end=\"1374\"><em data-start=\"1306\" data-end=\"1374\">Produit vendu \u00e0 l\u2019unit\u00e9 \u2013 photos r\u00e9elles disponibles sur la fiche ci-dessus.<\/em><\/p>\n","protected":false},"excerpt":{"rendered":"<p data-start=\"197\" data-end=\"440\">Ce mug thermos d\u2019occasion est con\u00e7u pour conserver vos boissons \u00e0 la bonne temp\u00e9rature, que ce soit chaudes ou froides. Pratique pour le quotidien, il est id\u00e9al pour le bureau, les d\u00e9placements, les voyages.<\/p>\n<p data-start=\"685\" data-end=\"863\">Vendu d\u2019occasion, le mug est en bon \u00e9tat g\u00e9n\u00e9ral, propre et parfaitement fonctionnel.<\/p>\n","protected":false},"featured_media":415,"template":"","meta":{"neve_meta_sidebar":"","neve_meta_container":"","neve_meta_enable_content_width":"off","neve_meta_content_width":100,"neve_meta_title_alignment":"","neve_meta_author_avatar":"","neve_post_elements_order":"","neve_meta_disable_header":"","neve_meta_disable_footer":"","neve_meta_disable_title":"","_themeisle_gutenberg_block_has_review":false},"product_brand":[],"product_cat":[21],"product_tag":[],"class_list":{"0":"post-523","1":"product","2":"type-product","3":"status-publish","4":"has-post-thumbnail","6":"product_cat-occasion","8":"first","9":"instock","10":"shipping-taxable","11":"purchasable","12":"product-type-simple"},"jetpack_sharing_enabled":true,"_links":{"self":[{"href":"https:\/\/clapbam.com\/index.php\/wp-json\/wp\/v2\/product\/523","targetHints":{"allow":["GET"]}}],"collection":[{"href":"https:\/\/clapbam.com\/index.php\/wp-json\/wp\/v2\/product"}],"about":[{"href":"https:\/\/clapbam.com\/index.php\/wp-json\/wp\/v2\/types\/product"}],"wp:featuredmedia":[{"embeddable":true,"href":"https:\/\/clapbam.com\/index.php\/wp-json\/wp\/v2\/media\/415"}],"wp:attachment":[{"href":"https:\/\/clapbam.com\/index.php\/wp-json\/wp\/v2\/media?parent=523"}],"wp:term":[{"taxonomy":"product_brand","embeddable":true,"href":"https:\/\/clapbam.com\/index.php\/wp-json\/wp\/v2\/product_brand?post=523"},{"taxonomy":"product_cat","embeddable":true,"href":"https:\/\/clapbam.com\/index.php\/wp-json\/wp\/v2\/product_cat?post=523"},{"taxonomy":"product_tag","embeddable":true,"href":"https:\/\/clapbam.com\/index.php\/wp-json\/wp\/v2\/product_tag?post=523"}],"curies":[{"name":"wp","href":"https:\/\/api.w.org\/{rel}","templated":true}]}}